{"id":364,"date":"2026-01-26T13:42:21","date_gmt":"2026-01-26T13:42:21","guid":{"rendered":"https:\/\/otolastikfix.com\/?page_id=364"},"modified":"2026-01-28T09:07:39","modified_gmt":"2026-01-28T09:07:39","slug":"anasayfa","status":"publish","type":"page","link":"https:\/\/otolastikfix.com\/","title":{"rendered":"Anasayfa"},"content":{"rendered":"\t\t<div data-elementor-type=\"wp-page\" data-elementor-id=\"364\" class=\"elementor elementor-364\">\n\t\t\t\t<div class=\"elementor-element elementor-element-0156591 e-flex e-con-boxed e-con e-parent\" data-id=\"0156591\" data-element_type=\"container\" data-settings=\"{&quot;background_background&quot;:&quot;slideshow&quot;,&quot;background_slideshow_gallery&quot;:[{&quot;id&quot;:165,&quot;url&quot;:&quot;https:\\\/\\\/otolastikfix.com\\\/wp-content\\\/uploads\\\/2026\\\/01\\\/lastik-yol-yardim-mobil-gorunum.jpg&quot;},{&quot;id&quot;:93,&quot;url&quot;:&quot;https:\\\/\\\/otolastikfix.com\\\/wp-content\\\/uploads\\\/2026\\\/01\\\/anasayfa-lastik.jpg&quot;},{&quot;id&quot;:153,&quot;url&quot;:&quot;https:\\\/\\\/otolastikfix.com\\\/wp-content\\\/uploads\\\/2026\\\/01\\\/LASTIK-YOL-YARDIM-BANNER.jpg&quot;},{&quot;id&quot;:200,&quot;url&quot;:&quot;https:\\\/\\\/otolastikfix.com\\\/wp-content\\\/uploads\\\/2026\\\/01\\\/AKU-YOL-YARDIM.webp&quot;}],&quot;background_slideshow_ken_burns&quot;:&quot;yes&quot;,&quot;background_slideshow_loop&quot;:&quot;yes&quot;,&quot;background_slideshow_slide_duration&quot;:5000,&quot;background_slideshow_slide_transition&quot;:&quot;fade&quot;,&quot;background_slideshow_transition_duration&quot;:500,&quot;background_slideshow_ken_burns_zoom_direction&quot;:&quot;in&quot;}\">\n\t\t\t\t\t<div class=\"e-con-inner\">\n\t\t\t\t<div class=\"elementor-element elementor-element-a37f5e3 elementor-widget elementor-widget-sina_banner_slider\" data-id=\"a37f5e3\" data-element_type=\"widget\" data-widget_type=\"sina_banner_slider.default\">\n\t\t\t\t<div class=\"elementor-widget-container\">\n\t\t\t\t\t\t\t<div class=\"sina-banner-slider owl-carousel\"\r\n\t\tdata-autoplay=\"yes\"\r\n\t\tdata-pause=\"yes\"\r\n\t\tdata-nav=\"yes\"\r\n\t\tdata-dots=\"yes\"\r\n\t\tdata-mouse-drag=\"yes\"\r\n\t\tdata-touch-drag=\"yes\"\r\n\t\tdata-loop=\"yes\"\r\n\t\tdata-speed=\"\"\r\n\t\tdata-part-anim=\"yes\"\r\n\t\tdata-delay=\"5000\">\r\n\r\n\t\t\t\t\t\t\t<div class=\"sina-slider-content sina-bg-cover\" style=\"background-image: url();\">\r\n\t\t\t\t\t\t\t\t\t\t\t<div class=\"sina-overlay\"><\/div>\r\n\t\t\t\t\t\r\n\t\t\t\t\t<div class=\"sina-banner-container elementor-repeater-item-19c701a\">\r\n\r\n\t\t\t\t\t\t\t\t\t\t\t\t\t\t\t\t\t\t\t\t<h1 class=\"sina-banner-title sina-anim-invisible\" data-animation=\"animated fadeInLeft\">7\/24 Lastik Yol Yard\u0131m<\/h1>\t\t\t\t\t\t\r\n\t\t\t\t\t\t\t\t\t\t\t\t\t<h2 class=\"sina-banner-subtitle sina-anim-invisible\" data-animation=\"animated fadeInRight\">Yerinde Lastik Tamir ve De\u011fi\u015fim Hizmeti<\/h2>\t\t\t\t\t\t\r\n\t\t\t\t\t\t\t\t\t\t\t\t\t<div class=\"sina-banner-desc sina-anim-invisible\" data-animation=\"animated fadeInUp\">Bulundu\u011funuz konuma h\u0131zl\u0131ca gelir, yola g\u00fcvenle devam etmenizi sa\u011flar\u0131z. <\/div>\t\t\t\t\t\t\r\n\t\t\t\t\t\t\t\t\t\t\t\t\t<div class=\"sina-banner-btns sina-anim-invisible\" data-animation=\"animated fadeInUp\">\r\n\t\t\t\t\t\t\t\t\t\t\t\t\t\t\t\t\t<a class=\"sina-banner-pbtn   \"\r\n\t\t\t\t\t\t\t\t\t\t\t\t\t\t\t\t\t\thref=\"#\"\r\n\t\t\t\t\t\t\t\t\t\t\t\t\t\t\t\t\t\t>\r\n\t\t\t\t\t\t\t\t\t\t\t\tHizmet B\u00f6lgelerimiz\t\t\t\t\t<i class=\"icofont icofont-location-pin sina-icon-right\"><\/i>\r\n\t\t\t\t\t\t\t\t\t\t\t\t<\/a>\r\n\t\t\t\t\t\t\t\t\r\n\t\t\t\t\t\t\t\t\t\t\t\t\t\t\t<\/div>\r\n\t\t\t\t\t\t\t\t\t\t\t<\/div>\r\n\t\t\t\t<\/div>\r\n\t\t\t\t\t\t\t<div class=\"sina-slider-content sina-bg-cover\" style=\"background-image: url();\">\r\n\t\t\t\t\t\t\t\t\t\t\t<div class=\"sina-overlay\"><\/div>\r\n\t\t\t\t\t\r\n\t\t\t\t\t<div class=\"sina-banner-container elementor-repeater-item-74e7c00\">\r\n\r\n\t\t\t\t\t\t\t\t\t\t\t\t\t\t\t\t\t\t\t\t<h1 class=\"sina-banner-title sina-anim-invisible\" data-animation=\"animated zoomIn\">Ak\u00fc Yol Yard\u0131m<\/h1>\t\t\t\t\t\t\r\n\t\t\t\t\t\t\t\t\t\t\t\t\t<h2 class=\"sina-banner-subtitle sina-anim-invisible\" data-animation=\"animated zoomIn\">Ak\u00fc Takviye, Yerinde Ak\u00fc de\u011fi\u015fim Hizmeti<\/h2>\t\t\t\t\t\t\r\n\t\t\t\t\t\t\t\t\t\t\t\t\t<div class=\"sina-banner-desc sina-anim-invisible\" data-animation=\"animated fadeInUp\">Bulundu\u011funuz konuma h\u0131zl\u0131ca gelir, yola g\u00fcvenle devam etmenizi sa\u011flar\u0131z...<\/div>\t\t\t\t\t\t\r\n\t\t\t\t\t\t\t\t\t\t\t\t\t<div class=\"sina-banner-btns sina-anim-invisible\" data-animation=\"animated lightSpeedIn\">\r\n\t\t\t\t\t\t\t\t\t\t\t\t\t\t\t\t\t<a class=\"sina-banner-pbtn   \"\r\n\t\t\t\t\t\t\t\t\t\t\t\t\t\t\t\t\t\thref=\"#\"\r\n\t\t\t\t\t\t\t\t\t\t\t\t\t\t\t\t\t\t>\r\n\t\t\t\t\t\t\t\t\t\t\t\tHizmet B\u00f6lgelerimiz\t\t\t\t\t<i class=\"icofont icofont-location-pin sina-icon-right\"><\/i>\r\n\t\t\t\t\t\t\t\t\t\t\t\t<\/a>\r\n\t\t\t\t\t\t\t\t\r\n\t\t\t\t\t\t\t\t\t\t\t\t\t\t\t<\/div>\r\n\t\t\t\t\t\t\t\t\t\t\t<\/div>\r\n\t\t\t\t<\/div>\r\n\t\t\t\t\t<\/div><!-- .sina-banner-slider -->\r\n\t\t\t\t\t\t<\/div>\n\t\t\t\t<\/div>\n\t\t\t\t\t<\/div>\n\t\t\t\t<\/div>\n\t\t<div class=\"elementor-element elementor-element-f24ee51 e-flex e-con-boxed e-con e-parent\" data-id=\"f24ee51\" data-element_type=\"container\" data-settings=\"{&quot;background_background&quot;:&quot;classic&quot;}\">\n\t\t\t\t\t<div class=\"e-con-inner\">\n\t\t<div class=\"elementor-element elementor-element-d3c946a e-con-full e-flex e-con e-child\" data-id=\"d3c946a\" data-element_type=\"container\">\n\t\t\t\t<div class=\"elementor-element elementor-element-e010155 elementor-position-top elementor-widget elementor-widget-image-box\" data-id=\"e010155\" data-element_type=\"widget\" data-widget_type=\"image-box.default\">\n\t\t\t\t\t<div class=\"elementor-image-box-wrapper\"><figure class=\"elementor-image-box-img\"><img fetchpriority=\"high\" decoding=\"async\" width=\"1000\" height=\"1000\" src=\"https:\/\/otolastikfix.com\/wp-content\/uploads\/2026\/01\/Adsiz-tasarim-6.png\" class=\"attachment-full size-full wp-image-464\" alt=\"\" srcset=\"https:\/\/otolastikfix.com\/wp-content\/uploads\/2026\/01\/Adsiz-tasarim-6.png 1000w, https:\/\/otolastikfix.com\/wp-content\/uploads\/2026\/01\/Adsiz-tasarim-6-300x300.png 300w, https:\/\/otolastikfix.com\/wp-content\/uploads\/2026\/01\/Adsiz-tasarim-6-150x150.png 150w, https:\/\/otolastikfix.com\/wp-content\/uploads\/2026\/01\/Adsiz-tasarim-6-768x768.png 768w\" sizes=\"(max-width: 1000px) 100vw, 1000px\" \/><\/figure><div class=\"elementor-image-box-content\"><h3 class=\"elementor-image-box-title\"> Lastik Yol Yard\u0131m Hizmeti<\/h3><p class=\"elementor-image-box-description\">Mobil Lastik Yol Yard\u0131m ara\u00e7lar\u0131m\u0131z ile bulundu\u011funuz konuma k\u0131sa s\u00fcrede gelip  lasti\u011finizi yerinde tamir ediyoruz. Gerekli olmas\u0131 durumunda \u00e7\u0131kma  veya s\u0131f\u0131r lastik ile de\u011fi\u015fimini yap\u0131yoruz. <\/p><\/div><\/div>\t\t\t\t<\/div>\n\t\t\t\t<\/div>\n\t\t<div class=\"elementor-element elementor-element-e65a726 e-con-full e-flex e-con e-child\" data-id=\"e65a726\" data-element_type=\"container\">\n\t\t\t\t<div class=\"elementor-element elementor-element-1292249 elementor-position-top elementor-widget elementor-widget-image-box\" data-id=\"1292249\" data-element_type=\"widget\" data-widget_type=\"image-box.default\">\n\t\t\t\t\t<div class=\"elementor-image-box-wrapper\"><figure class=\"elementor-image-box-img\"><img decoding=\"async\" width=\"1000\" height=\"1000\" src=\"https:\/\/otolastikfix.com\/wp-content\/uploads\/2026\/01\/Adsiz-tasarim-7.png\" class=\"attachment-full size-full wp-image-474\" alt=\"\" srcset=\"https:\/\/otolastikfix.com\/wp-content\/uploads\/2026\/01\/Adsiz-tasarim-7.png 1000w, https:\/\/otolastikfix.com\/wp-content\/uploads\/2026\/01\/Adsiz-tasarim-7-300x300.png 300w, https:\/\/otolastikfix.com\/wp-content\/uploads\/2026\/01\/Adsiz-tasarim-7-150x150.png 150w, https:\/\/otolastikfix.com\/wp-content\/uploads\/2026\/01\/Adsiz-tasarim-7-768x768.png 768w\" sizes=\"(max-width: 1000px) 100vw, 1000px\" \/><\/figure><div class=\"elementor-image-box-content\"><h3 class=\"elementor-image-box-title\">Ak\u00fc Takviye ve De\u011fi\u015fim Hizmeti<\/h3><p class=\"elementor-image-box-description\"><br>Ak\u00fcn\u00fcz m\u00fc bitti? Endi\u015felenmeyin!<br>size bir telefon kadar yak\u0131n\u0131z. Bulundu\u011funuz konuma h\u0131zl\u0131ca gelip Ak\u00fc \u00f6l\u00e7\u00fcm\u00fc, Ak\u00fc takviye ve yerinde Ak\u00fc de\u011fi\u015fim hizmeti veriyoruz. <\/p><\/div><\/div>\t\t\t\t<\/div>\n\t\t\t\t<\/div>\n\t\t<div class=\"elementor-element elementor-element-300c118 e-con-full e-flex e-con e-child\" data-id=\"300c118\" data-element_type=\"container\">\n\t\t\t\t<div class=\"elementor-element elementor-element-b00720c elementor-position-top elementor-widget elementor-widget-image-box\" data-id=\"b00720c\" data-element_type=\"widget\" data-widget_type=\"image-box.default\">\n\t\t\t\t\t<div class=\"elementor-image-box-wrapper\"><figure class=\"elementor-image-box-img\"><img decoding=\"async\" width=\"1000\" height=\"1000\" src=\"https:\/\/otolastikfix.com\/wp-content\/uploads\/2026\/01\/Adsiz-tasarim-8.png\" class=\"attachment-full size-full wp-image-476\" alt=\"\" srcset=\"https:\/\/otolastikfix.com\/wp-content\/uploads\/2026\/01\/Adsiz-tasarim-8.png 1000w, https:\/\/otolastikfix.com\/wp-content\/uploads\/2026\/01\/Adsiz-tasarim-8-300x300.png 300w, https:\/\/otolastikfix.com\/wp-content\/uploads\/2026\/01\/Adsiz-tasarim-8-150x150.png 150w, https:\/\/otolastikfix.com\/wp-content\/uploads\/2026\/01\/Adsiz-tasarim-8-768x768.png 768w\" sizes=\"(max-width: 1000px) 100vw, 1000px\" \/><\/figure><div class=\"elementor-image-box-content\"><h3 class=\"elementor-image-box-title\">Yak\u0131t Deste\u011fi Yol Yard\u0131m Hizmeti<\/h3><p class=\"elementor-image-box-description\"><br>Seyahat esnas\u0131nda yak\u0131n\u0131z biterse bizi aray\u0131n. Bulundu\u011funuz konuma h\u0131zl\u0131ca gelip sizi en yak\u0131n akaryak\u0131t istasyonuna g\u00f6t\u00fcrecek miktarlarda yak\u0131t deste\u011fi hizmeti sa\u011fl\u0131yoruz. <\/p><\/div><\/div>\t\t\t\t<\/div>\n\t\t\t\t<\/div>\n\t\t\t\t\t<\/div>\n\t\t\t\t<\/div>\n\t\t<div class=\"elementor-element elementor-element-9477025 e-flex e-con-boxed e-con e-parent\" data-id=\"9477025\" data-element_type=\"container\">\n\t\t\t\t\t<div class=\"e-con-inner\">\n\t\t<div class=\"elementor-element elementor-element-5231638 e-con-full e-flex e-con e-child\" data-id=\"5231638\" data-element_type=\"container\">\n\t\t\t\t<div class=\"elementor-element elementor-element-3192bae elementor-widget elementor-widget-heading\" data-id=\"3192bae\" data-element_type=\"widget\" data-widget_type=\"heading.default\">\n\t\t\t\t\t<h2 class=\"elementor-heading-title elementor-size-default\">Haberler<\/h2>\t\t\t\t<\/div>\n\t\t\t\t<div class=\"elementor-element elementor-element-0974e0a elementor-widget-divider--view-line elementor-widget elementor-widget-divider\" data-id=\"0974e0a\" data-element_type=\"widget\" data-widget_type=\"divider.default\">\n\t\t\t\t\t\t\t<div class=\"elementor-divider\">\n\t\t\t<span class=\"elementor-divider-separator\">\n\t\t\t\t\t\t<\/span>\n\t\t<\/div>\n\t\t\t\t\t\t<\/div>\n\t\t\t\t<\/div>\n\t\t<div class=\"elementor-element elementor-element-90ea01a e-con-full e-flex e-con e-child\" data-id=\"90ea01a\" data-element_type=\"container\">\n\t\t\t\t<\/div>\n\t\t\t\t\t<\/div>\n\t\t\t\t<\/div>\n\t\t<div class=\"elementor-element elementor-element-bb2adc1 e-flex e-con-boxed e-con e-parent\" data-id=\"bb2adc1\" data-element_type=\"container\">\n\t\t\t\t\t<div class=\"e-con-inner\">\n\t\t<div class=\"elementor-element elementor-element-9279059 e-con-full e-flex e-con e-child\" data-id=\"9279059\" data-element_type=\"container\">\n\t\t\t\t<div class=\"elementor-element elementor-element-46f7400 elementor-widget elementor-widget-heading\" data-id=\"46f7400\" data-element_type=\"widget\" data-widget_type=\"heading.default\">\n\t\t\t\t\t<h2 class=\"elementor-heading-title elementor-size-default\">KI\u015e LAST\u0130\u011e\u0130 UYGULAMASI<\/h2>\t\t\t\t<\/div>\n\t\t\t\t<div class=\"elementor-element elementor-element-0ba2e89 elementor-widget elementor-widget-text-editor\" data-id=\"0ba2e89\" data-element_type=\"widget\" data-widget_type=\"text-editor.default\">\n\t\t\t\t\t\t\t\t\t<p>Lorem ipsum dolor sit amet, consectetur adipiscing elit. Ut elit tellus, luctus nec ullamcorper mattis, pulvinar dapibus leo.<\/p>\t\t\t\t\t\t\t\t<\/div>\n\t\t\t\t<div class=\"elementor-element elementor-element-bbf1d4c elementor-widget elementor-widget-text-editor\" data-id=\"bbf1d4c\" data-element_type=\"widget\" data-widget_type=\"text-editor.default\">\n\t\t\t\t\t\t\t\t\t<p>DEVAMINI OKU&#8230;<\/p>\t\t\t\t\t\t\t\t<\/div>\n\t\t\t\t<\/div>\n\t\t<div class=\"elementor-element elementor-element-3937a90 e-con-full e-flex e-con e-child\" data-id=\"3937a90\" data-element_type=\"container\">\n\t\t\t\t<div class=\"elementor-element elementor-element-b224008 elementor-widget elementor-widget-heading\" data-id=\"b224008\" data-element_type=\"widget\" data-widget_type=\"heading.default\">\n\t\t\t\t\t<h2 class=\"elementor-heading-title elementor-size-default\">LAST\u0130\u011e\u0130N \u00dcZER\u0130NDE YAZAN \u00d6L\u00c7\u00dcLER NE ANLAMA GEL\u0130YOR?<\/h2>\t\t\t\t<\/div>\n\t\t\t\t<div class=\"elementor-element elementor-element-2d4ca94 elementor-widget elementor-widget-text-editor\" data-id=\"2d4ca94\" data-element_type=\"widget\" data-widget_type=\"text-editor.default\">\n\t\t\t\t\t\t\t\t\t<p>Lorem ipsum dolor sit amet, consectetur adipiscing elit. Ut elit tellus, luctus nec ullamcorper mattis, pulvinar dapibus leo.<\/p>\t\t\t\t\t\t\t\t<\/div>\n\t\t\t\t<div class=\"elementor-element elementor-element-0fadac9 elementor-widget elementor-widget-text-editor\" data-id=\"0fadac9\" data-element_type=\"widget\" data-widget_type=\"text-editor.default\">\n\t\t\t\t\t\t\t\t\t<p>DEVAMINI OKU&#8230;<\/p>\t\t\t\t\t\t\t\t<\/div>\n\t\t\t\t<\/div>\n\t\t<div class=\"elementor-element elementor-element-9baed73 e-con-full e-flex e-con e-child\" data-id=\"9baed73\" data-element_type=\"container\">\n\t\t\t\t<div class=\"elementor-element elementor-element-34217d4 elementor-widget elementor-widget-heading\" data-id=\"34217d4\" data-element_type=\"widget\" data-widget_type=\"heading.default\">\n\t\t\t\t\t<h2 class=\"elementor-heading-title elementor-size-default\">KI\u015e AYLARINDA AK\u00dc NEDEN ZAYIFLAR?<\/h2>\t\t\t\t<\/div>\n\t\t\t\t<div class=\"elementor-element elementor-element-de9a0b8 elementor-widget elementor-widget-text-editor\" data-id=\"de9a0b8\" data-element_type=\"widget\" data-widget_type=\"text-editor.default\">\n\t\t\t\t\t\t\t\t\t<p>Lorem ipsum dolor sit amet, consectetur adipiscing elit. Ut elit tellus, luctus nec ullamcorper mattis, pulvinar dapibus leo.<\/p>\t\t\t\t\t\t\t\t<\/div>\n\t\t\t\t<div class=\"elementor-element elementor-element-a46f13f elementor-widget elementor-widget-text-editor\" data-id=\"a46f13f\" data-element_type=\"widget\" data-widget_type=\"text-editor.default\">\n\t\t\t\t\t\t\t\t\t<p>DEVAMINI OKU&#8230;<\/p>\t\t\t\t\t\t\t\t<\/div>\n\t\t\t\t<\/div>\n\t\t\t\t\t<\/div>\n\t\t\t\t<\/div>\n\t\t<div class=\"elementor-element elementor-element-15e6e5c e-flex e-con-boxed e-con e-parent\" data-id=\"15e6e5c\" data-element_type=\"container\">\n\t\t\t\t\t<div class=\"e-con-inner\">\n\t\t<div class=\"elementor-element elementor-element-b5100ef e-con-full e-flex e-con e-child\" data-id=\"b5100ef\" data-element_type=\"container\">\n\t\t\t\t<div class=\"elementor-element elementor-element-5fe9877 elementor-widget elementor-widget-heading\" data-id=\"5fe9877\" data-element_type=\"widget\" data-widget_type=\"heading.default\">\n\t\t\t\t\t<h2 class=\"elementor-heading-title elementor-size-default\">EN \u0130Y\u0130 LAST\u0130K MARKALARI<\/h2>\t\t\t\t<\/div>\n\t\t\t\t<div class=\"elementor-element elementor-element-9ac0ba2 elementor-widget elementor-widget-text-editor\" data-id=\"9ac0ba2\" data-element_type=\"widget\" data-widget_type=\"text-editor.default\">\n\t\t\t\t\t\t\t\t\t<p>Lorem ipsum dolor sit amet, consectetur adipiscing elit. Ut elit tellus, luctus nec ullamcorper mattis, pulvinar dapibus leo.<\/p>\t\t\t\t\t\t\t\t<\/div>\n\t\t\t\t<div class=\"elementor-element elementor-element-573ffe3 elementor-widget elementor-widget-text-editor\" data-id=\"573ffe3\" data-element_type=\"widget\" data-widget_type=\"text-editor.default\">\n\t\t\t\t\t\t\t\t\t<p>DEVAMINI OKU&#8230;<\/p>\t\t\t\t\t\t\t\t<\/div>\n\t\t\t\t<\/div>\n\t\t<div class=\"elementor-element elementor-element-bf7aa5f e-con-full e-flex e-con e-child\" data-id=\"bf7aa5f\" data-element_type=\"container\">\n\t\t\t\t<div class=\"elementor-element elementor-element-3329966 elementor-widget elementor-widget-heading\" data-id=\"3329966\" data-element_type=\"widget\" data-widget_type=\"heading.default\">\n\t\t\t\t\t<h2 class=\"elementor-heading-title elementor-size-default\">LAST\u0130K T\u0130PLER\u0130<\/h2>\t\t\t\t<\/div>\n\t\t\t\t<div class=\"elementor-element elementor-element-2f47a17 elementor-widget elementor-widget-text-editor\" data-id=\"2f47a17\" data-element_type=\"widget\" data-widget_type=\"text-editor.default\">\n\t\t\t\t\t\t\t\t\t<p>Lorem ipsum dolor sit amet, consectetur adipiscing elit. Ut elit tellus, luctus nec ullamcorper mattis, pulvinar dapibus leo.<\/p>\t\t\t\t\t\t\t\t<\/div>\n\t\t\t\t<div class=\"elementor-element elementor-element-b8ee4b4 elementor-widget elementor-widget-text-editor\" data-id=\"b8ee4b4\" data-element_type=\"widget\" data-widget_type=\"text-editor.default\">\n\t\t\t\t\t\t\t\t\t<p>DEVAMINI OKU&#8230;<\/p>\t\t\t\t\t\t\t\t<\/div>\n\t\t\t\t<\/div>\n\t\t<div class=\"elementor-element elementor-element-3288ed4 e-con-full e-flex e-con e-child\" data-id=\"3288ed4\" data-element_type=\"container\">\n\t\t\t\t<div class=\"elementor-element elementor-element-777fb71 elementor-widget elementor-widget-heading\" data-id=\"777fb71\" data-element_type=\"widget\" data-widget_type=\"heading.default\">\n\t\t\t\t\t<h2 class=\"elementor-heading-title elementor-size-default\">D\u00dcZENS\u0130Z LA\u015eT\u0130K A\u015eINMASININ NEDENLER\u0130<\/h2>\t\t\t\t<\/div>\n\t\t\t\t<div class=\"elementor-element elementor-element-425960e elementor-widget elementor-widget-text-editor\" data-id=\"425960e\" data-element_type=\"widget\" data-widget_type=\"text-editor.default\">\n\t\t\t\t\t\t\t\t\t<p>Lorem ipsum dolor sit amet, consectetur adipiscing elit. Ut elit tellus, luctus nec ullamcorper mattis, pulvinar dapibus leo.<\/p>\t\t\t\t\t\t\t\t<\/div>\n\t\t\t\t<div class=\"elementor-element elementor-element-d4c981f elementor-widget elementor-widget-text-editor\" data-id=\"d4c981f\" data-element_type=\"widget\" data-widget_type=\"text-editor.default\">\n\t\t\t\t\t\t\t\t\t<p>DEVAMINI OKU&#8230;<\/p>\t\t\t\t\t\t\t\t<\/div>\n\t\t\t\t<\/div>\n\t\t\t\t\t<\/div>\n\t\t\t\t<\/div>\n\t\t\t\t<\/div>\n\t\t","protected":false},"excerpt":{"rendered":"<p>7\/24 Lastik Yol Yard\u0131m Yerinde Lastik Tamir ve De\u011fi\u015fim Hizmeti Bulundu\u011funuz konuma h\u0131zl\u0131ca gelir, yola g\u00fcvenle devam etmenizi sa\u011flar\u0131z. Hizmet B\u00f6lgelerimiz Ak\u00fc Yol Yard\u0131m Ak\u00fc Takviye, Yerinde Ak\u00fc de\u011fi\u015fim Hizmeti Bulundu\u011funuz konuma h\u0131zl\u0131ca gelir, yola g\u00fcvenle devam etmenizi sa\u011flar\u0131z&#8230; Hizmet B\u00f6lgelerimiz Lastik Yol Yard\u0131m Hizmeti Mobil Lastik Yol Yard\u0131m ara\u00e7lar\u0131m\u0131z ile bulundu\u011funuz konuma k\u0131sa s\u00fcrede&#8230;<\/p>\n","protected":false},"author":1,"featured_media":0,"parent":0,"menu_order":0,"comment_status":"closed","ping_status":"closed","template":"","meta":{"_kad_post_transparent":"","_kad_post_title":"hide","_kad_post_layout":"fullwidth","_kad_post_sidebar_id":"","_kad_post_content_style":"unboxed","_kad_post_vertical_padding":"hide","_kad_post_feature":"hide","_kad_post_feature_position":"","_kad_post_header":false,"_kad_post_footer":false,"_kad_post_classname":"","footnotes":""},"class_list":["post-364","page","type-page","status-publish","hentry"],"_links":{"self":[{"href":"https:\/\/otolastikfix.com\/index.php?rest_route=\/wp\/v2\/pages\/364","targetHints":{"allow":["GET"]}}],"collection":[{"href":"https:\/\/otolastikfix.com\/index.php?rest_route=\/wp\/v2\/pages"}],"about":[{"href":"https:\/\/otolastikfix.com\/index.php?rest_route=\/wp\/v2\/types\/page"}],"author":[{"embeddable":true,"href":"https:\/\/otolastikfix.com\/index.php?rest_route=\/wp\/v2\/users\/1"}],"replies":[{"embeddable":true,"href":"https:\/\/otolastikfix.com\/index.php?rest_route=%2Fwp%2Fv2%2Fcomments&post=364"}],"version-history":[{"count":184,"href":"https:\/\/otolastikfix.com\/index.php?rest_route=\/wp\/v2\/pages\/364\/revisions"}],"predecessor-version":[{"id":629,"href":"https:\/\/otolastikfix.com\/index.php?rest_route=\/wp\/v2\/pages\/364\/revisions\/629"}],"wp:attachment":[{"href":"https:\/\/otolastikfix.com\/index.php?rest_route=%2Fwp%2Fv2%2Fmedia&parent=364"}],"curies":[{"name":"wp","href":"https:\/\/api.w.org\/{rel}","templated":true}]}}